{"id":651,"date":"2025-04-15T10:48:25","date_gmt":"2025-04-15T10:48:25","guid":{"rendered":"https:\/\/elonaboats.yaquedamenos.com\/?page_id=3"},"modified":"2025-05-16T13:04:33","modified_gmt":"2025-05-16T11:04:33","slug":"privacy-policy","status":"publish","type":"page","link":"https:\/\/elonaboats.com\/en\/privacy-policy\/","title":{"rendered":"Privacy Policy"},"content":{"rendered":"<h3 class=\"wp-block-heading\"><strong>ADVERTENCIA LEGAL<\/strong><\/h3>\n<p>A los efectos previstos en el Reglamento Europeo de Protecci\u00f3n de Datos (RGPD) le informamos que los datos personales que nos facilite mediante la cumplimentaci\u00f3n de formulario del presente sitio web, ser\u00e1n tratados de forma confidencial.<\/p>\n<p>As\u00ed mismo, le informamos que:<\/p>\n<ul class=\"wp-block-list\">\n<li>La\u00a0<strong>Categor\u00eda<\/strong>\u00a0de los datos que nos facilita est\u00e1 dentro de la de: Datos de contacto<strong>.<\/strong><\/li>\n<li>El\u00a0<strong>Responsable\u00a0<\/strong>de los datos facilitados es: <strong> Elona Global Investments S.L.<\/strong> con CIF: B13858147.<\/li>\n<li>La\u00a0<strong>Finalidad<\/strong>\u00a0de los mismos es gestionar la posible relaci\u00f3n comercial entre ambos y si, en el caso de aceptarlo, enviarle informaci\u00f3n de nuestros nuevos productos y servicios.<\/li>\n<li>La\u00a0<strong>Legitimaci\u00f3n<\/strong>\u00a0viene dada al darse de alta en el formulario.<\/li>\n<li>No existen\u00a0<strong>Destinatarios<\/strong>\u00a0a los que se les ceder\u00e1n datos, salvo obligaci\u00f3n legal o que sea necesario para prestar el servicio solicitado por el cliente.<\/li>\n<li>Los\u00a0<strong>Derechos<\/strong>\u00a0que le asisten son los de acceso, rectificaci\u00f3n, limitaci\u00f3n, supresi\u00f3n y portabilidad de los datos facilitados. Para ello debe enviar una carta indicando el derecho\u00a0 a ejercer y una fotocopia de su DNI, a la siguiente direcci\u00f3n:<\/li>\n<\/ul>\n<p class=\"has-text-align-center\"><strong> Elona Global Investments S.L.<br \/>\nMuelle de Levante 8, 03001, Alicante<br \/>\n<\/strong><\/p>\n<p>&nbsp;<\/p>\n<p><strong> Elona Global Investments S.L.<\/strong>, cumple todos los requisitos establecidos en el RGPD y que todos los datos bajo nuestra responsabilidad vienen siendo tratados de acuerdo con las exigencias legales, guard\u00e1ndose las debidas medidas de seguridad que garantizan la confidencialidad de los mismos.<\/p>\n<p>Les informamos que sus datos est\u00e1n en un fichero del que es responsable el <strong> Elona Global Investments S.L.<\/strong>, con objeto de realizar el control y gesti\u00f3n de sus clientes y\/o alumnos, as\u00ed como de los potenciales clientes y\/o alumnos.<\/p>\n<p>Sus datos podr\u00e1n ser utilizados por <strong> Elona Global Investments S.L.<\/strong>, para remitirle informaci\u00f3n de su inter\u00e9s, si as\u00ed lo ha indicado al cumplimentar el formulario.<\/p>\n<p>Los destinatarios son los departamentos en los que se organiza <strong> Elona Global Investments S.L.<\/strong>que, en base a las funciones que realizan, necesitan la informaci\u00f3n para\u00a0 la finalidad expuesta en el p\u00e1rrafo anterior, Entidades u Organismos cuya cesi\u00f3n sea obligatoria por Ley y terceros\u00a0 con los que mantenga acuerdos de colaboraci\u00f3n y la cesi\u00f3n de los datos sea necesaria para el mantenimiento del acuerdo.<\/p>\n<h3 class=\"wp-block-heading\"><strong>POL\u00cdTICA DE PRIVACIDAD PARA CAMPA\u00d1AS INFORMATIVAS V\u00cdA EMAIL<\/strong><\/h3>\n<p><strong>Pol\u00edtica de Privacidad y Abuso<\/strong><\/p>\n<p>Si ha recibido un email proveniente de nuestros servidores es porque est\u00e1 suscrito a una lista de distribuci\u00f3n. Si este no es el caso, por favor dese de baja desde el mismo email que ha recibido presionando el enlace \u201cDarse de baja\u201d que est\u00e1 ubicado en la parte inferior y posteriormente reporte el caso a nosotros a trav\u00e9s del email\u00a0info@elonaboats.com<\/p>\n<p><strong>Nuestra Pol\u00edtica<\/strong><\/p>\n<p>Nosotros no aceptamos los emails comerciales no solicitados o los emails masivos no solicitados (conocidos como spam). Si sospecha que alguna de nuestras cuentas de correo est\u00e1 enviando spam, puede notificarlo enviando un correo a\u00a0info@elonaboats.com<\/p>\n<p><strong>Quejas de Spam<\/strong><\/p>\n<p>Para mantener informadas a las personas que piden informaci\u00f3n sobre los programas formativos de <strong> Elona Global Investments S.L.<\/strong>, enviamos regularmente emails a todas ellas. Si usted ha recibido uno de nuestros emails y lo considera spam, por favor pegue la cabecera del email que cree que es spam en el campo Asunto de un nuevo email y env\u00edelo a info@elonaboats.com<\/p>\n","protected":false},"excerpt":{"rendered":"<p>ADVERTENCIA LEGAL A los efectos previstos en el Reglamento Europeo de Protecci\u00f3n de Datos (RGPD) le informamos que los datos personales que nos facilite mediante la cumplimentaci\u00f3n de formulario del presente sitio web, ser\u00e1n tratados de forma confidencial. As\u00ed mismo, le informamos que: La\u00a0Categor\u00eda\u00a0de los datos que nos facilita est\u00e1 dentro de la de: Datos [&hellip;]<\/p>\n","protected":false},"author":1,"featured_media":0,"parent":0,"menu_order":10,"comment_status":"closed","ping_status":"closed","template":"page-templates\/txt-legal.php","meta":{"_acf_changed":false,"inline_featured_image":false,"footnotes":""},"class_list":["post-651","page","type-page","status-publish","hentry"],"acf":[],"yoast_head":"<!-- This site is optimized with the Yoast SEO plugin v27.4 - https:\/\/yoast.com\/product\/yoast-seo-wordpress\/ -->\n<title>Privacy Policy - Elona Boats<\/title>\n<meta name=\"robots\" content=\"noindex, follow, max-snippet:-1, max-image-preview:large, max-video-preview:-1\" \/>\n<meta property=\"og:locale\" content=\"en_GB\" \/>\n<meta property=\"og:type\" content=\"article\" \/>\n<meta property=\"og:title\" content=\"Privacy Policy - Elona Boats\" \/>\n<meta property=\"og:description\" content=\"ADVERTENCIA LEGAL A los efectos previstos en el Reglamento Europeo de Protecci\u00f3n de Datos (RGPD) le informamos que los datos personales que nos facilite mediante la cumplimentaci\u00f3n de formulario del presente sitio web, ser\u00e1n tratados de forma confidencial. As\u00ed mismo, le informamos que: La\u00a0Categor\u00eda\u00a0de los datos que nos facilita est\u00e1 dentro de la de: Datos [&hellip;]\" \/>\n<meta property=\"og:url\" content=\"https:\/\/elonaboats.com\/en\/privacy-policy\/\" \/>\n<meta property=\"og:site_name\" content=\"Elona Boats\" \/>\n<meta property=\"article:modified_time\" content=\"2025-05-16T11:04:33+00:00\" \/>\n<meta property=\"og:image\" content=\"https:\/\/elonaboats.com\/en\/wp-content\/uploads\/sites\/2\/2025\/04\/Elona_Boats-png.webp\" \/>\n\t<meta property=\"og:image:width\" content=\"1111\" \/>\n\t<meta property=\"og:image:height\" content=\"195\" \/>\n\t<meta property=\"og:image:type\" content=\"image\/webp\" \/>\n<meta name=\"twitter:card\" content=\"summary_large_image\" \/>\n<meta name=\"twitter:label1\" content=\"Estimated reading time\" \/>\n\t<meta name=\"twitter:data1\" content=\"3 minutes\" \/>\n<script type=\"application\/ld+json\" class=\"yoast-schema-graph\">{\"@context\":\"https:\\\/\\\/schema.org\",\"@graph\":[{\"@type\":\"WebPage\",\"@id\":\"https:\\\/\\\/elonaboats.com\\\/en\\\/privacy-policy\\\/\",\"url\":\"https:\\\/\\\/elonaboats.com\\\/en\\\/privacy-policy\\\/\",\"name\":\"Privacy Policy - Elona Boats\",\"isPartOf\":{\"@id\":\"https:\\\/\\\/elonaboats.com\\\/en\\\/#website\"},\"datePublished\":\"2025-04-15T10:48:25+00:00\",\"dateModified\":\"2025-05-16T11:04:33+00:00\",\"breadcrumb\":{\"@id\":\"https:\\\/\\\/elonaboats.com\\\/en\\\/privacy-policy\\\/#breadcrumb\"},\"inLanguage\":\"en-GB\",\"potentialAction\":[{\"@type\":\"ReadAction\",\"target\":[\"https:\\\/\\\/elonaboats.com\\\/en\\\/privacy-policy\\\/\"]}]},{\"@type\":\"BreadcrumbList\",\"@id\":\"https:\\\/\\\/elonaboats.com\\\/en\\\/privacy-policy\\\/#breadcrumb\",\"itemListElement\":[{\"@type\":\"ListItem\",\"position\":1,\"name\":\"Portada\",\"item\":\"https:\\\/\\\/elonaboats.com\\\/en\\\/\"},{\"@type\":\"ListItem\",\"position\":2,\"name\":\"Privacy Policy\"}]},{\"@type\":\"WebSite\",\"@id\":\"https:\\\/\\\/elonaboats.com\\\/en\\\/#website\",\"url\":\"https:\\\/\\\/elonaboats.com\\\/en\\\/\",\"name\":\"Elona Boats\",\"description\":\"Boat rentals in Alicante\",\"publisher\":{\"@id\":\"https:\\\/\\\/elonaboats.com\\\/en\\\/#organization\"},\"alternateName\":\"Boat rentals in Alicante\",\"potentialAction\":[{\"@type\":\"SearchAction\",\"target\":{\"@type\":\"EntryPoint\",\"urlTemplate\":\"https:\\\/\\\/elonaboats.com\\\/en\\\/?s={search_term_string}\"},\"query-input\":{\"@type\":\"PropertyValueSpecification\",\"valueRequired\":true,\"valueName\":\"search_term_string\"}}],\"inLanguage\":\"en-GB\"},{\"@type\":\"Organization\",\"@id\":\"https:\\\/\\\/elonaboats.com\\\/en\\\/#organization\",\"name\":\"Elona Boats\",\"alternateName\":\"Boat rentals in Alicante\",\"url\":\"https:\\\/\\\/elonaboats.com\\\/en\\\/\",\"logo\":{\"@type\":\"ImageObject\",\"inLanguage\":\"en-GB\",\"@id\":\"https:\\\/\\\/elonaboats.com\\\/en\\\/#\\\/schema\\\/logo\\\/image\\\/\",\"url\":\"https:\\\/\\\/elonaboats.com\\\/en\\\/wp-content\\\/uploads\\\/sites\\\/2\\\/2025\\\/04\\\/Elona_Boats-png.webp\",\"contentUrl\":\"https:\\\/\\\/elonaboats.com\\\/en\\\/wp-content\\\/uploads\\\/sites\\\/2\\\/2025\\\/04\\\/Elona_Boats-png.webp\",\"width\":1111,\"height\":195,\"caption\":\"Elona Boats\"},\"image\":{\"@id\":\"https:\\\/\\\/elonaboats.com\\\/en\\\/#\\\/schema\\\/logo\\\/image\\\/\"},\"sameAs\":[\"https:\\\/\\\/www.instagram.com\\\/elona_boats\\\/\"]}]}<\/script>\n<!-- \/ Yoast SEO plugin. -->","yoast_head_json":{"title":"Privacy Policy - Elona Boats","robots":{"index":"noindex","follow":"follow","max-snippet":"max-snippet:-1","max-image-preview":"max-image-preview:large","max-video-preview":"max-video-preview:-1"},"og_locale":"en_GB","og_type":"article","og_title":"Privacy Policy - Elona Boats","og_description":"ADVERTENCIA LEGAL A los efectos previstos en el Reglamento Europeo de Protecci\u00f3n de Datos (RGPD) le informamos que los datos personales que nos facilite mediante la cumplimentaci\u00f3n de formulario del presente sitio web, ser\u00e1n tratados de forma confidencial. As\u00ed mismo, le informamos que: La\u00a0Categor\u00eda\u00a0de los datos que nos facilita est\u00e1 dentro de la de: Datos [&hellip;]","og_url":"https:\/\/elonaboats.com\/en\/privacy-policy\/","og_site_name":"Elona Boats","article_modified_time":"2025-05-16T11:04:33+00:00","og_image":[{"width":1111,"height":195,"url":"https:\/\/elonaboats.com\/en\/wp-content\/uploads\/sites\/2\/2025\/04\/Elona_Boats-png.webp","type":"image\/webp"}],"twitter_card":"summary_large_image","twitter_misc":{"Estimated reading time":"3 minutes"},"schema":{"@context":"https:\/\/schema.org","@graph":[{"@type":"WebPage","@id":"https:\/\/elonaboats.com\/en\/privacy-policy\/","url":"https:\/\/elonaboats.com\/en\/privacy-policy\/","name":"Privacy Policy - Elona Boats","isPartOf":{"@id":"https:\/\/elonaboats.com\/en\/#website"},"datePublished":"2025-04-15T10:48:25+00:00","dateModified":"2025-05-16T11:04:33+00:00","breadcrumb":{"@id":"https:\/\/elonaboats.com\/en\/privacy-policy\/#breadcrumb"},"inLanguage":"en-GB","potentialAction":[{"@type":"ReadAction","target":["https:\/\/elonaboats.com\/en\/privacy-policy\/"]}]},{"@type":"BreadcrumbList","@id":"https:\/\/elonaboats.com\/en\/privacy-policy\/#breadcrumb","itemListElement":[{"@type":"ListItem","position":1,"name":"Portada","item":"https:\/\/elonaboats.com\/en\/"},{"@type":"ListItem","position":2,"name":"Privacy Policy"}]},{"@type":"WebSite","@id":"https:\/\/elonaboats.com\/en\/#website","url":"https:\/\/elonaboats.com\/en\/","name":"Elona Boats","description":"Boat rentals in Alicante","publisher":{"@id":"https:\/\/elonaboats.com\/en\/#organization"},"alternateName":"Boat rentals in Alicante","potentialAction":[{"@type":"SearchAction","target":{"@type":"EntryPoint","urlTemplate":"https:\/\/elonaboats.com\/en\/?s={search_term_string}"},"query-input":{"@type":"PropertyValueSpecification","valueRequired":true,"valueName":"search_term_string"}}],"inLanguage":"en-GB"},{"@type":"Organization","@id":"https:\/\/elonaboats.com\/en\/#organization","name":"Elona Boats","alternateName":"Boat rentals in Alicante","url":"https:\/\/elonaboats.com\/en\/","logo":{"@type":"ImageObject","inLanguage":"en-GB","@id":"https:\/\/elonaboats.com\/en\/#\/schema\/logo\/image\/","url":"https:\/\/elonaboats.com\/en\/wp-content\/uploads\/sites\/2\/2025\/04\/Elona_Boats-png.webp","contentUrl":"https:\/\/elonaboats.com\/en\/wp-content\/uploads\/sites\/2\/2025\/04\/Elona_Boats-png.webp","width":1111,"height":195,"caption":"Elona Boats"},"image":{"@id":"https:\/\/elonaboats.com\/en\/#\/schema\/logo\/image\/"},"sameAs":["https:\/\/www.instagram.com\/elona_boats\/"]}]}},"_links":{"self":[{"href":"https:\/\/elonaboats.com\/en\/wp-json\/wp\/v2\/pages\/651","targetHints":{"allow":["GET"]}}],"collection":[{"href":"https:\/\/elonaboats.com\/en\/wp-json\/wp\/v2\/pages"}],"about":[{"href":"https:\/\/elonaboats.com\/en\/wp-json\/wp\/v2\/types\/page"}],"author":[{"embeddable":true,"href":"https:\/\/elonaboats.com\/en\/wp-json\/wp\/v2\/users\/1"}],"replies":[{"embeddable":true,"href":"https:\/\/elonaboats.com\/en\/wp-json\/wp\/v2\/comments?post=651"}],"version-history":[{"count":1,"href":"https:\/\/elonaboats.com\/en\/wp-json\/wp\/v2\/pages\/651\/revisions"}],"predecessor-version":[{"id":940,"href":"https:\/\/elonaboats.com\/en\/wp-json\/wp\/v2\/pages\/651\/revisions\/940"}],"wp:attachment":[{"href":"https:\/\/elonaboats.com\/en\/wp-json\/wp\/v2\/media?parent=651"}],"curies":[{"name":"wp","href":"https:\/\/api.w.org\/{rel}","templated":true}]}}