{"id":653,"date":"2025-04-15T13:33:07","date_gmt":"2025-04-15T13:33:07","guid":{"rendered":"https:\/\/elonaboats.yaquedamenos.com\/?page_id=13"},"modified":"2025-05-16T13:04:44","modified_gmt":"2025-05-16T11:04:44","slug":"legal-notice","status":"publish","type":"page","link":"https:\/\/elonaboats.com\/en\/legal-notice\/","title":{"rendered":"Legal notice"},"content":{"rendered":"<h3 class=\"wp-block-heading\"><strong>1. ACEPTACI\u00d3N DE LOS T\u00c9RMINOS DE USO<\/strong><\/h3>\n<p>La utilizaci\u00f3n del sitio Web www.elonaboats.com, propiedad de<strong> Elona Global Investments S.L.<\/strong>, es absolutamente voluntaria y supone la aceptaci\u00f3n plena por quien accede al mismo, en adelante el Usuario, de todas las Condiciones Generales de Uso vigentes en cada momento\u00a0 que se encuentren en la presente direcci\u00f3n, por lo cual el Usuario deber\u00e1 leer detenidamente y aceptar sin ning\u00fan tipo de reservas el presente AVISO LEGAL antes de realizar cualquier tipo de operaci\u00f3n, visionado, utilizaci\u00f3n, etc. con este sitio Web.<\/p>\n<p>El Usuario se compromete a no utilizar el sitio Web o sus servicios y contenidos de forma contraria a lo dispuesto por la legislaci\u00f3n vigente. <strong> Elona Global Investments S.L.<\/strong> se reserva el derecho a retirar el acceso a la presente p\u00e1gina Web, sin necesidad de previo aviso, a cualquier Usuario que contravenga lo dispuesto en estas Condiciones Generales de Uso.<\/p>\n<p><strong> Elona Global Investments S.L.<\/strong> se reserva el derecho de modificar en cualquier momento las presentes Condiciones Generales de Uso as\u00ed como cualesquiera otras condiciones generales o particulares, reglamentos de uso o avisos que resulten de aplicaci\u00f3n. As\u00ed mismo se reserva el derecho a modificar en cualquier momento la presentaci\u00f3n, configuraci\u00f3n y localizaci\u00f3n del Sitio Web, as\u00ed como los contenidos y las condiciones requeridas para utilizar los mismos.<\/p>\n<h3 class=\"wp-block-heading\"><strong>2. OBJETO<\/strong><\/h3>\n<p><strong> Elona Global Investments S.L.<\/strong>, proporciona informaci\u00f3n clara y gratuita a los Usuarios sobre los productos y servicios que proporciona a sus clientes, sus caracter\u00edsticas e informaci\u00f3n sobre la propia entidad.<\/p>\n<p>En\u00a0 www.elonaboats.com podr\u00edan realizarse enlaces a otras p\u00e1ginas, las cuales no son gestionadas por <strong> Elona Global Investments S.L.<\/strong>. Dichos enlaces provienen de otras fuentes de informaci\u00f3n, no suponiendo su inclusi\u00f3n recomendaci\u00f3n, invitaci\u00f3n o sugerencia para la visita de las p\u00e1ginas de destino y por lo tanto<strong> Elona Global Investments S.L.<\/strong> declina toda responsabilidad que pudiese surgir al acceder a las p\u00e1ginas de terceros.<\/p>\n<h3 class=\"wp-block-heading\"><strong>3. PROPIEDAD INTELECTUAL<\/strong><\/h3>\n<p>El Usuario reconoce y acepta que todos los derechos de propiedad industrial e intelectual sobre los contenidos y cualesquiera otros elementos insertados en el Sitio Web pertenecen a <strong> Elona Global Investments S.L.<\/strong> o a sus licenciantes, salvo en lo mencionado en el apartado anterior referente a hiperv\u00ednculos.<\/p>\n<p><strong> Elona Global Investments S.L.<\/strong> es titular de los elementos que integran el dise\u00f1o gr\u00e1fico de su p\u00e1gina Web, los men\u00fas, botones de navegaci\u00f3n, el c\u00f3digo HTML, los textos, im\u00e1genes, texturas, gr\u00e1ficos y cualquier otro contenido de la p\u00e1gina Web o, en cualquier caso, dispone de la correspondiente autorizaci\u00f3n para la utilizaci\u00f3n de dichos elementos.<\/p>\n<p>Por lo tanto, el Usuario s\u00f3lo est\u00e1 autorizado a visualizar todo el material y contenido de esta p\u00e1gina tal y como se presenta y a descargar en una sola computadora una copia del material para su uso personal y privado, nunca con prop\u00f3sitos comerciales, siempre que el Usuario cumpla con todas las normativas de propiedad industrial e intelectual.<\/p>\n<p>As\u00ed mismo, queda prohibido suprimir, eludir o manipular el \u201ccopyright\u201d y dem\u00e1s datos identificativos de los derechos de www.elonaboats.com, as\u00ed como los dispositivos t\u00e9cnicos de protecci\u00f3n, o cualquier mecanismo de informaci\u00f3n que pudieran contener los contenidos.<\/p>\n<p><strong>Global Investments S.L.<\/strong> autoriza el establecimiento de enlaces entre otras webs y la suya, siempre que se respeten las siguientes condiciones:<\/p>\n<ul class=\"wp-block-list\">\n<li>Que el enlace no se establezca desde una Web cuyos contenidos resulten contrarios a la Ley, a la moral y al orden p\u00fablico, Que no se ofrezca una imagen de <strong>Global Investments S.L.<\/strong> o de sus productos que resulte distorsionada, perjudicial, o equivocada.<\/li>\n<li>Que no se cree la impresi\u00f3n de que concurre una inexistente relaci\u00f3n o vinculaci\u00f3n comercial entre <strong>Global Investments S.L.<\/strong> y los titulares, responsables o anunciantes desde la que se crea el enlace, cuando \u00e9ste no sea el caso.<\/li>\n<li>Que no se cree la impresi\u00f3n de que los contenidos o Web de <strong>Global Investments S.L.<\/strong> pertenecen o han sido dise\u00f1ados por los titulares, responsables o anunciantes en la Web desde la que se establece el enlace.<\/li>\n<\/ul>\n<h3 class=\"wp-block-heading\"><strong>4. USO DEL SERVICIO Y RESPONSABILIDADES<\/strong><\/h3>\n<p>Las condiciones de acceso y uso de la presente p\u00e1gina Web se rigen estrictamente por la legalidad vigente y por el principio de buena fe comprometi\u00e9ndose el Usuario a realizar un buen uso de la Web y de los servicios que se ofrecen.<\/p>\n<p>Quedan prohibidos todos los actos que vulneren la legalidad, derechos o intereses de terceros, prohibi\u00e9ndose expresamente:<\/p>\n<ul>\n<li>Realizar actuaciones que puedan producir en la Web o a trav\u00e9s de la misma y por cualquier medio alg\u00fan tipo de da\u00f1o a los sistemas de <strong>Global Investments S.L.<\/strong> o a terceros.<\/li>\n<li>Realizar publicidad o informaci\u00f3n comercial directamente o de forma encubierta, spam (env\u00edo de correos masivos) o el env\u00edo de grandes mensajes con el fin de bloquear los servidores de la red.<\/li>\n<li><strong>Global Investments S.L.<\/strong> no puede asumir ninguna responsabilidad derivada del uso incorrecto, inapropiado o il\u00edcito de la informaci\u00f3n aparecida en las p\u00e1ginas de Internet de <strong>Global Investments S.L.<\/strong><\/li>\n<\/ul>\n<h3 class=\"wp-block-heading\"><strong>5. EXCLUSI\u00d3N DE RESPONSABILIDAD<\/strong><\/h3>\n<p><strong>Global Investments S.L.<\/strong> declina toda responsabilidad en caso de que el acceso o las visitas a su Web se vieran imposibilitadas o dificultadas debido a una interrupci\u00f3n o defectuosa prestaci\u00f3n del suministro el\u00e9ctrico, telef\u00f3nico o de otros proveedores de telecomunicaciones ajenos a <strong>Global Investments S.L.<\/strong>, o en el caso de producirse conflictos sociales u otros supuestos de fuerza mayor, o cualquier actuaci\u00f3n de un tercero, incluidos los requerimientos u \u00f3rdenes administrativas o judiciales, sabotajes o saturaciones, intencionadas o no.<\/p>\n<p>Se declina igualmente toda responsabilidad derivada de los da\u00f1os y perjuicios que pudiera sufrir el visitante en sus medios inform\u00e1ticos o telem\u00e1ticos a consecuencia de la producci\u00f3n de cualquiera de las circunstancias anteriormente expuestas.<\/p>\n<p><strong>Global Investments S.L.<\/strong> no garantiza la disponibilidad y continuidad del Sitio Web ni se hace responsable de cualesquiera da\u00f1os y perjuicios producidos o que puedan producirse en el futuro, ni de los defectos t\u00e9cnicos, cualquiera que sea su naturaleza, que se deriven del uso de la informaci\u00f3n y de las materias contenidas en el Web.<\/p>\n<p>Con los l\u00edmites establecidos en la Ley, <strong>Global Investments S.L.<\/strong> no asume ninguna responsabilidad derivada de la falta de actualizaci\u00f3n y precisi\u00f3n de los datos o informaciones que se contienen en sus p\u00e1ginas de Internet.<\/p>\n<h3 class=\"wp-block-heading\"><strong>6. JURISDICCI\u00d3N Y LEY APLICABLE<\/strong><\/h3>\n<p>Las presentes condiciones generales se rigen por la legislaci\u00f3n espa\u00f1ola. El Usuario acepta estos T\u00e9rminos de Uso, y cualquier tipo de controversia relativa al uso de este sitio Web, ser\u00e1 interpretado con arreglo a las leyes vigentes en el lugar de residencia del propietario de este sitio Web, teniendo competencia para la resoluci\u00f3n de todo litigio o conflicto que pueda surgir los Juzgados y Tribunales competentes de Alicante y sus superiores jer\u00e1rquicos, renunciando expresamente el Usuario a cualquier otro fuero.<\/p>\n","protected":false},"excerpt":{"rendered":"<p>1. ACEPTACI\u00d3N DE LOS T\u00c9RMINOS DE USO La utilizaci\u00f3n del sitio Web www.elonaboats.com, propiedad de Elona Global Investments S.L., es absolutamente voluntaria y supone la aceptaci\u00f3n plena por quien accede al mismo, en adelante el Usuario, de todas las Condiciones Generales de Uso vigentes en cada momento\u00a0 que se encuentren en la presente direcci\u00f3n, por [&hellip;]<\/p>\n","protected":false},"author":1,"featured_media":0,"parent":0,"menu_order":11,"comment_status":"closed","ping_status":"closed","template":"page-templates\/txt-legal.php","meta":{"_acf_changed":false,"inline_featured_image":false,"footnotes":""},"class_list":["post-653","page","type-page","status-publish","hentry"],"acf":[],"yoast_head":"<!-- This site is optimized with the Yoast SEO plugin v27.4 - https:\/\/yoast.com\/product\/yoast-seo-wordpress\/ -->\n<title>Legal notice - Elona Boats<\/title>\n<meta name=\"robots\" content=\"noindex, follow, max-snippet:-1, max-image-preview:large, max-video-preview:-1\" \/>\n<meta property=\"og:locale\" content=\"en_GB\" \/>\n<meta property=\"og:type\" content=\"article\" \/>\n<meta property=\"og:title\" content=\"Legal notice - Elona Boats\" \/>\n<meta property=\"og:description\" content=\"1. ACEPTACI\u00d3N DE LOS T\u00c9RMINOS DE USO La utilizaci\u00f3n del sitio Web www.elonaboats.com, propiedad de Elona Global Investments S.L., es absolutamente voluntaria y supone la aceptaci\u00f3n plena por quien accede al mismo, en adelante el Usuario, de todas las Condiciones Generales de Uso vigentes en cada momento\u00a0 que se encuentren en la presente direcci\u00f3n, por [&hellip;]\" \/>\n<meta property=\"og:url\" content=\"https:\/\/elonaboats.com\/en\/legal-notice\/\" \/>\n<meta property=\"og:site_name\" content=\"Elona Boats\" \/>\n<meta property=\"article:modified_time\" content=\"2025-05-16T11:04:44+00:00\" \/>\n<meta property=\"og:image\" content=\"https:\/\/elonaboats.com\/en\/wp-content\/uploads\/sites\/2\/2025\/04\/Elona_Boats-png.webp\" \/>\n\t<meta property=\"og:image:width\" content=\"1111\" \/>\n\t<meta property=\"og:image:height\" content=\"195\" \/>\n\t<meta property=\"og:image:type\" content=\"image\/webp\" \/>\n<meta name=\"twitter:card\" content=\"summary_large_image\" \/>\n<meta name=\"twitter:label1\" content=\"Estimated reading time\" \/>\n\t<meta name=\"twitter:data1\" content=\"6 minutes\" \/>\n<script type=\"application\/ld+json\" class=\"yoast-schema-graph\">{\"@context\":\"https:\\\/\\\/schema.org\",\"@graph\":[{\"@type\":\"WebPage\",\"@id\":\"https:\\\/\\\/elonaboats.com\\\/en\\\/legal-notice\\\/\",\"url\":\"https:\\\/\\\/elonaboats.com\\\/en\\\/legal-notice\\\/\",\"name\":\"Legal notice - Elona Boats\",\"isPartOf\":{\"@id\":\"https:\\\/\\\/elonaboats.com\\\/en\\\/#website\"},\"datePublished\":\"2025-04-15T13:33:07+00:00\",\"dateModified\":\"2025-05-16T11:04:44+00:00\",\"breadcrumb\":{\"@id\":\"https:\\\/\\\/elonaboats.com\\\/en\\\/legal-notice\\\/#breadcrumb\"},\"inLanguage\":\"en-GB\",\"potentialAction\":[{\"@type\":\"ReadAction\",\"target\":[\"https:\\\/\\\/elonaboats.com\\\/en\\\/legal-notice\\\/\"]}]},{\"@type\":\"BreadcrumbList\",\"@id\":\"https:\\\/\\\/elonaboats.com\\\/en\\\/legal-notice\\\/#breadcrumb\",\"itemListElement\":[{\"@type\":\"ListItem\",\"position\":1,\"name\":\"Portada\",\"item\":\"https:\\\/\\\/elonaboats.com\\\/en\\\/\"},{\"@type\":\"ListItem\",\"position\":2,\"name\":\"Legal notice\"}]},{\"@type\":\"WebSite\",\"@id\":\"https:\\\/\\\/elonaboats.com\\\/en\\\/#website\",\"url\":\"https:\\\/\\\/elonaboats.com\\\/en\\\/\",\"name\":\"Elona Boats\",\"description\":\"Boat rentals in Alicante\",\"publisher\":{\"@id\":\"https:\\\/\\\/elonaboats.com\\\/en\\\/#organization\"},\"alternateName\":\"Boat rentals in Alicante\",\"potentialAction\":[{\"@type\":\"SearchAction\",\"target\":{\"@type\":\"EntryPoint\",\"urlTemplate\":\"https:\\\/\\\/elonaboats.com\\\/en\\\/?s={search_term_string}\"},\"query-input\":{\"@type\":\"PropertyValueSpecification\",\"valueRequired\":true,\"valueName\":\"search_term_string\"}}],\"inLanguage\":\"en-GB\"},{\"@type\":\"Organization\",\"@id\":\"https:\\\/\\\/elonaboats.com\\\/en\\\/#organization\",\"name\":\"Elona Boats\",\"alternateName\":\"Boat rentals in Alicante\",\"url\":\"https:\\\/\\\/elonaboats.com\\\/en\\\/\",\"logo\":{\"@type\":\"ImageObject\",\"inLanguage\":\"en-GB\",\"@id\":\"https:\\\/\\\/elonaboats.com\\\/en\\\/#\\\/schema\\\/logo\\\/image\\\/\",\"url\":\"https:\\\/\\\/elonaboats.com\\\/en\\\/wp-content\\\/uploads\\\/sites\\\/2\\\/2025\\\/04\\\/Elona_Boats-png.webp\",\"contentUrl\":\"https:\\\/\\\/elonaboats.com\\\/en\\\/wp-content\\\/uploads\\\/sites\\\/2\\\/2025\\\/04\\\/Elona_Boats-png.webp\",\"width\":1111,\"height\":195,\"caption\":\"Elona Boats\"},\"image\":{\"@id\":\"https:\\\/\\\/elonaboats.com\\\/en\\\/#\\\/schema\\\/logo\\\/image\\\/\"},\"sameAs\":[\"https:\\\/\\\/www.instagram.com\\\/elona_boats\\\/\"]}]}<\/script>\n<!-- \/ Yoast SEO plugin. -->","yoast_head_json":{"title":"Legal notice - Elona Boats","robots":{"index":"noindex","follow":"follow","max-snippet":"max-snippet:-1","max-image-preview":"max-image-preview:large","max-video-preview":"max-video-preview:-1"},"og_locale":"en_GB","og_type":"article","og_title":"Legal notice - Elona Boats","og_description":"1. ACEPTACI\u00d3N DE LOS T\u00c9RMINOS DE USO La utilizaci\u00f3n del sitio Web www.elonaboats.com, propiedad de Elona Global Investments S.L., es absolutamente voluntaria y supone la aceptaci\u00f3n plena por quien accede al mismo, en adelante el Usuario, de todas las Condiciones Generales de Uso vigentes en cada momento\u00a0 que se encuentren en la presente direcci\u00f3n, por [&hellip;]","og_url":"https:\/\/elonaboats.com\/en\/legal-notice\/","og_site_name":"Elona Boats","article_modified_time":"2025-05-16T11:04:44+00:00","og_image":[{"width":1111,"height":195,"url":"https:\/\/elonaboats.com\/en\/wp-content\/uploads\/sites\/2\/2025\/04\/Elona_Boats-png.webp","type":"image\/webp"}],"twitter_card":"summary_large_image","twitter_misc":{"Estimated reading time":"6 minutes"},"schema":{"@context":"https:\/\/schema.org","@graph":[{"@type":"WebPage","@id":"https:\/\/elonaboats.com\/en\/legal-notice\/","url":"https:\/\/elonaboats.com\/en\/legal-notice\/","name":"Legal notice - Elona Boats","isPartOf":{"@id":"https:\/\/elonaboats.com\/en\/#website"},"datePublished":"2025-04-15T13:33:07+00:00","dateModified":"2025-05-16T11:04:44+00:00","breadcrumb":{"@id":"https:\/\/elonaboats.com\/en\/legal-notice\/#breadcrumb"},"inLanguage":"en-GB","potentialAction":[{"@type":"ReadAction","target":["https:\/\/elonaboats.com\/en\/legal-notice\/"]}]},{"@type":"BreadcrumbList","@id":"https:\/\/elonaboats.com\/en\/legal-notice\/#breadcrumb","itemListElement":[{"@type":"ListItem","position":1,"name":"Portada","item":"https:\/\/elonaboats.com\/en\/"},{"@type":"ListItem","position":2,"name":"Legal notice"}]},{"@type":"WebSite","@id":"https:\/\/elonaboats.com\/en\/#website","url":"https:\/\/elonaboats.com\/en\/","name":"Elona Boats","description":"Boat rentals in Alicante","publisher":{"@id":"https:\/\/elonaboats.com\/en\/#organization"},"alternateName":"Boat rentals in Alicante","potentialAction":[{"@type":"SearchAction","target":{"@type":"EntryPoint","urlTemplate":"https:\/\/elonaboats.com\/en\/?s={search_term_string}"},"query-input":{"@type":"PropertyValueSpecification","valueRequired":true,"valueName":"search_term_string"}}],"inLanguage":"en-GB"},{"@type":"Organization","@id":"https:\/\/elonaboats.com\/en\/#organization","name":"Elona Boats","alternateName":"Boat rentals in Alicante","url":"https:\/\/elonaboats.com\/en\/","logo":{"@type":"ImageObject","inLanguage":"en-GB","@id":"https:\/\/elonaboats.com\/en\/#\/schema\/logo\/image\/","url":"https:\/\/elonaboats.com\/en\/wp-content\/uploads\/sites\/2\/2025\/04\/Elona_Boats-png.webp","contentUrl":"https:\/\/elonaboats.com\/en\/wp-content\/uploads\/sites\/2\/2025\/04\/Elona_Boats-png.webp","width":1111,"height":195,"caption":"Elona Boats"},"image":{"@id":"https:\/\/elonaboats.com\/en\/#\/schema\/logo\/image\/"},"sameAs":["https:\/\/www.instagram.com\/elona_boats\/"]}]}},"_links":{"self":[{"href":"https:\/\/elonaboats.com\/en\/wp-json\/wp\/v2\/pages\/653","targetHints":{"allow":["GET"]}}],"collection":[{"href":"https:\/\/elonaboats.com\/en\/wp-json\/wp\/v2\/pages"}],"about":[{"href":"https:\/\/elonaboats.com\/en\/wp-json\/wp\/v2\/types\/page"}],"author":[{"embeddable":true,"href":"https:\/\/elonaboats.com\/en\/wp-json\/wp\/v2\/users\/1"}],"replies":[{"embeddable":true,"href":"https:\/\/elonaboats.com\/en\/wp-json\/wp\/v2\/comments?post=653"}],"version-history":[{"count":1,"href":"https:\/\/elonaboats.com\/en\/wp-json\/wp\/v2\/pages\/653\/revisions"}],"predecessor-version":[{"id":941,"href":"https:\/\/elonaboats.com\/en\/wp-json\/wp\/v2\/pages\/653\/revisions\/941"}],"wp:attachment":[{"href":"https:\/\/elonaboats.com\/en\/wp-json\/wp\/v2\/media?parent=653"}],"curies":[{"name":"wp","href":"https:\/\/api.w.org\/{rel}","templated":true}]}}