{"id":654,"date":"2025-04-15T13:33:34","date_gmt":"2025-04-15T13:33:34","guid":{"rendered":"https:\/\/elonaboats.yaquedamenos.com\/?page_id=15"},"modified":"2025-05-16T13:04:22","modified_gmt":"2025-05-16T11:04:22","slug":"cookies-policy","status":"publish","type":"page","link":"https:\/\/elonaboats.com\/en\/cookies-policy\/","title":{"rendered":"Cookies policy"},"content":{"rendered":"<p>Esta p\u00e1gina web usa cookies. Las cookies de este sitio web se usan para personalizar el contenido y los anuncios, ofrecer funciones de redes sociales y analizar el tr\u00e1fico. Adem\u00e1s, compartimos informaci\u00f3n sobre el uso que haga del sitio web con nuestros partners de redes sociales, publicidad y an\u00e1lisis web, quienes pueden combinarla con otra informaci\u00f3n que les haya proporcionado o que hayan recopilado a partir del uso que haya hecho de sus servicios.<\/p>\n<p>Las cookies son peque\u00f1os archivos de texto que las p\u00e1ginas web pueden utilizar para hacer m\u00e1s eficiente la experiencia del usuario.<\/p>\n<p>La ley afirma que podemos almacenar cookies en su dispositivo si son estrictamente necesarias para el funcionamiento de esta p\u00e1gina. Para todos los dem\u00e1s tipos de cookies necesitamos su permiso.<\/p>\n<p>Esta p\u00e1gina utiliza tipos diferentes de cookies. Algunas cookies son colocadas por servicios de terceros que aparecen en nuestras p\u00e1ginas.<\/p>\n<p>En cualquier momento puede cambiar o retirar su consentimiento desde la Declaraci\u00f3n de cookies en nuestro sitio web.<\/p>\n<p>Obtenga m\u00e1s informaci\u00f3n sobre qui\u00e9nes somos, c\u00f3mo puede contactarnos y c\u00f3mo procesamos los datos personales en nuestra Pol\u00edtica de privacidad.<\/p>\n<p>Al contactarnos respecto a su consentimiento, por favor, indique el ID y la fecha de su consentimiento.<\/p>\n<p>Su consentimiento se aplica a los siguientes dominios: www.elonaboats.com<\/p>\n<div class=\"uc-embed\"><\/div>\n<div class=\"uc-embed\"><\/div>\n<div class=\"uc-embed-tracker\"><\/div>\n","protected":false},"excerpt":{"rendered":"<p>Esta p\u00e1gina web usa cookies. Las cookies de este sitio web se usan para personalizar el contenido y los anuncios, ofrecer funciones de redes sociales y analizar el tr\u00e1fico. Adem\u00e1s, compartimos informaci\u00f3n sobre el uso que haga del sitio web con nuestros partners de redes sociales, publicidad y an\u00e1lisis web, quienes pueden combinarla con otra [&hellip;]<\/p>\n","protected":false},"author":1,"featured_media":0,"parent":0,"menu_order":9,"comment_status":"closed","ping_status":"closed","template":"page-templates\/txt-legal.php","meta":{"_acf_changed":false,"inline_featured_image":false,"footnotes":""},"class_list":["post-654","page","type-page","status-publish","hentry"],"acf":[],"yoast_head":"<!-- This site is optimized with the Yoast SEO plugin v27.4 - https:\/\/yoast.com\/product\/yoast-seo-wordpress\/ -->\n<title>Cookies policy - Elona Boats<\/title>\n<meta name=\"robots\" content=\"noindex, follow, max-snippet:-1, max-image-preview:large, max-video-preview:-1\" \/>\n<meta property=\"og:locale\" content=\"en_GB\" \/>\n<meta property=\"og:type\" content=\"article\" \/>\n<meta property=\"og:title\" content=\"Cookies policy - Elona Boats\" \/>\n<meta property=\"og:description\" content=\"Esta p\u00e1gina web usa cookies. Las cookies de este sitio web se usan para personalizar el contenido y los anuncios, ofrecer funciones de redes sociales y analizar el tr\u00e1fico. Adem\u00e1s, compartimos informaci\u00f3n sobre el uso que haga del sitio web con nuestros partners de redes sociales, publicidad y an\u00e1lisis web, quienes pueden combinarla con otra [&hellip;]\" \/>\n<meta property=\"og:url\" content=\"https:\/\/elonaboats.com\/en\/cookies-policy\/\" \/>\n<meta property=\"og:site_name\" content=\"Elona Boats\" \/>\n<meta property=\"article:modified_time\" content=\"2025-05-16T11:04:22+00:00\" \/>\n<meta property=\"og:image\" content=\"https:\/\/elonaboats.com\/en\/wp-content\/uploads\/sites\/2\/2025\/04\/Elona_Boats-png.webp\" \/>\n\t<meta property=\"og:image:width\" content=\"1111\" \/>\n\t<meta property=\"og:image:height\" content=\"195\" \/>\n\t<meta property=\"og:image:type\" content=\"image\/webp\" \/>\n<meta name=\"twitter:card\" content=\"summary_large_image\" \/>\n<meta name=\"twitter:label1\" content=\"Estimated reading time\" \/>\n\t<meta name=\"twitter:data1\" content=\"1 minute\" \/>\n<script type=\"application\/ld+json\" class=\"yoast-schema-graph\">{\"@context\":\"https:\\\/\\\/schema.org\",\"@graph\":[{\"@type\":\"WebPage\",\"@id\":\"https:\\\/\\\/elonaboats.com\\\/en\\\/cookies-policy\\\/\",\"url\":\"https:\\\/\\\/elonaboats.com\\\/en\\\/cookies-policy\\\/\",\"name\":\"Cookies policy - Elona Boats\",\"isPartOf\":{\"@id\":\"https:\\\/\\\/elonaboats.com\\\/en\\\/#website\"},\"datePublished\":\"2025-04-15T13:33:34+00:00\",\"dateModified\":\"2025-05-16T11:04:22+00:00\",\"breadcrumb\":{\"@id\":\"https:\\\/\\\/elonaboats.com\\\/en\\\/cookies-policy\\\/#breadcrumb\"},\"inLanguage\":\"en-GB\",\"potentialAction\":[{\"@type\":\"ReadAction\",\"target\":[\"https:\\\/\\\/elonaboats.com\\\/en\\\/cookies-policy\\\/\"]}]},{\"@type\":\"BreadcrumbList\",\"@id\":\"https:\\\/\\\/elonaboats.com\\\/en\\\/cookies-policy\\\/#breadcrumb\",\"itemListElement\":[{\"@type\":\"ListItem\",\"position\":1,\"name\":\"Portada\",\"item\":\"https:\\\/\\\/elonaboats.com\\\/en\\\/\"},{\"@type\":\"ListItem\",\"position\":2,\"name\":\"Cookies policy\"}]},{\"@type\":\"WebSite\",\"@id\":\"https:\\\/\\\/elonaboats.com\\\/en\\\/#website\",\"url\":\"https:\\\/\\\/elonaboats.com\\\/en\\\/\",\"name\":\"Elona Boats\",\"description\":\"Boat rentals in Alicante\",\"publisher\":{\"@id\":\"https:\\\/\\\/elonaboats.com\\\/en\\\/#organization\"},\"alternateName\":\"Boat rentals in Alicante\",\"potentialAction\":[{\"@type\":\"SearchAction\",\"target\":{\"@type\":\"EntryPoint\",\"urlTemplate\":\"https:\\\/\\\/elonaboats.com\\\/en\\\/?s={search_term_string}\"},\"query-input\":{\"@type\":\"PropertyValueSpecification\",\"valueRequired\":true,\"valueName\":\"search_term_string\"}}],\"inLanguage\":\"en-GB\"},{\"@type\":\"Organization\",\"@id\":\"https:\\\/\\\/elonaboats.com\\\/en\\\/#organization\",\"name\":\"Elona Boats\",\"alternateName\":\"Boat rentals in Alicante\",\"url\":\"https:\\\/\\\/elonaboats.com\\\/en\\\/\",\"logo\":{\"@type\":\"ImageObject\",\"inLanguage\":\"en-GB\",\"@id\":\"https:\\\/\\\/elonaboats.com\\\/en\\\/#\\\/schema\\\/logo\\\/image\\\/\",\"url\":\"https:\\\/\\\/elonaboats.com\\\/en\\\/wp-content\\\/uploads\\\/sites\\\/2\\\/2025\\\/04\\\/Elona_Boats-png.webp\",\"contentUrl\":\"https:\\\/\\\/elonaboats.com\\\/en\\\/wp-content\\\/uploads\\\/sites\\\/2\\\/2025\\\/04\\\/Elona_Boats-png.webp\",\"width\":1111,\"height\":195,\"caption\":\"Elona Boats\"},\"image\":{\"@id\":\"https:\\\/\\\/elonaboats.com\\\/en\\\/#\\\/schema\\\/logo\\\/image\\\/\"},\"sameAs\":[\"https:\\\/\\\/www.instagram.com\\\/elona_boats\\\/\"]}]}<\/script>\n<!-- \/ Yoast SEO plugin. -->","yoast_head_json":{"title":"Cookies policy - Elona Boats","robots":{"index":"noindex","follow":"follow","max-snippet":"max-snippet:-1","max-image-preview":"max-image-preview:large","max-video-preview":"max-video-preview:-1"},"og_locale":"en_GB","og_type":"article","og_title":"Cookies policy - Elona Boats","og_description":"Esta p\u00e1gina web usa cookies. Las cookies de este sitio web se usan para personalizar el contenido y los anuncios, ofrecer funciones de redes sociales y analizar el tr\u00e1fico. Adem\u00e1s, compartimos informaci\u00f3n sobre el uso que haga del sitio web con nuestros partners de redes sociales, publicidad y an\u00e1lisis web, quienes pueden combinarla con otra [&hellip;]","og_url":"https:\/\/elonaboats.com\/en\/cookies-policy\/","og_site_name":"Elona Boats","article_modified_time":"2025-05-16T11:04:22+00:00","og_image":[{"width":1111,"height":195,"url":"https:\/\/elonaboats.com\/en\/wp-content\/uploads\/sites\/2\/2025\/04\/Elona_Boats-png.webp","type":"image\/webp"}],"twitter_card":"summary_large_image","twitter_misc":{"Estimated reading time":"1 minute"},"schema":{"@context":"https:\/\/schema.org","@graph":[{"@type":"WebPage","@id":"https:\/\/elonaboats.com\/en\/cookies-policy\/","url":"https:\/\/elonaboats.com\/en\/cookies-policy\/","name":"Cookies policy - Elona Boats","isPartOf":{"@id":"https:\/\/elonaboats.com\/en\/#website"},"datePublished":"2025-04-15T13:33:34+00:00","dateModified":"2025-05-16T11:04:22+00:00","breadcrumb":{"@id":"https:\/\/elonaboats.com\/en\/cookies-policy\/#breadcrumb"},"inLanguage":"en-GB","potentialAction":[{"@type":"ReadAction","target":["https:\/\/elonaboats.com\/en\/cookies-policy\/"]}]},{"@type":"BreadcrumbList","@id":"https:\/\/elonaboats.com\/en\/cookies-policy\/#breadcrumb","itemListElement":[{"@type":"ListItem","position":1,"name":"Portada","item":"https:\/\/elonaboats.com\/en\/"},{"@type":"ListItem","position":2,"name":"Cookies policy"}]},{"@type":"WebSite","@id":"https:\/\/elonaboats.com\/en\/#website","url":"https:\/\/elonaboats.com\/en\/","name":"Elona Boats","description":"Boat rentals in Alicante","publisher":{"@id":"https:\/\/elonaboats.com\/en\/#organization"},"alternateName":"Boat rentals in Alicante","potentialAction":[{"@type":"SearchAction","target":{"@type":"EntryPoint","urlTemplate":"https:\/\/elonaboats.com\/en\/?s={search_term_string}"},"query-input":{"@type":"PropertyValueSpecification","valueRequired":true,"valueName":"search_term_string"}}],"inLanguage":"en-GB"},{"@type":"Organization","@id":"https:\/\/elonaboats.com\/en\/#organization","name":"Elona Boats","alternateName":"Boat rentals in Alicante","url":"https:\/\/elonaboats.com\/en\/","logo":{"@type":"ImageObject","inLanguage":"en-GB","@id":"https:\/\/elonaboats.com\/en\/#\/schema\/logo\/image\/","url":"https:\/\/elonaboats.com\/en\/wp-content\/uploads\/sites\/2\/2025\/04\/Elona_Boats-png.webp","contentUrl":"https:\/\/elonaboats.com\/en\/wp-content\/uploads\/sites\/2\/2025\/04\/Elona_Boats-png.webp","width":1111,"height":195,"caption":"Elona Boats"},"image":{"@id":"https:\/\/elonaboats.com\/en\/#\/schema\/logo\/image\/"},"sameAs":["https:\/\/www.instagram.com\/elona_boats\/"]}]}},"_links":{"self":[{"href":"https:\/\/elonaboats.com\/en\/wp-json\/wp\/v2\/pages\/654","targetHints":{"allow":["GET"]}}],"collection":[{"href":"https:\/\/elonaboats.com\/en\/wp-json\/wp\/v2\/pages"}],"about":[{"href":"https:\/\/elonaboats.com\/en\/wp-json\/wp\/v2\/types\/page"}],"author":[{"embeddable":true,"href":"https:\/\/elonaboats.com\/en\/wp-json\/wp\/v2\/users\/1"}],"replies":[{"embeddable":true,"href":"https:\/\/elonaboats.com\/en\/wp-json\/wp\/v2\/comments?post=654"}],"version-history":[{"count":1,"href":"https:\/\/elonaboats.com\/en\/wp-json\/wp\/v2\/pages\/654\/revisions"}],"predecessor-version":[{"id":939,"href":"https:\/\/elonaboats.com\/en\/wp-json\/wp\/v2\/pages\/654\/revisions\/939"}],"wp:attachment":[{"href":"https:\/\/elonaboats.com\/en\/wp-json\/wp\/v2\/media?parent=654"}],"curies":[{"name":"wp","href":"https:\/\/api.w.org\/{rel}","templated":true}]}}